{"id":297,"date":"2019-03-27T10:46:43","date_gmt":"2019-03-27T10:46:43","guid":{"rendered":"https:\/\/malmokanot.se\/sm-veckan\/?page_id=297"},"modified":"2019-06-28T10:42:43","modified_gmt":"2019-06-28T10:42:43","slug":"tavlingskartor","status":"publish","type":"page","link":"https:\/\/malmokanot.se\/sm-veckan\/short-track\/tavlingskartor\/","title":{"rendered":"Info &#038; kartor"},"content":{"rendered":"<h2>Shortrack SM 2019<\/h2>\n<h3>Organisation<\/h3>\n<p><strong>\u2022\t\u00d6verledare<\/strong>\t\tAlexandra Nielsen<br \/>\n<strong>\u2022\tT\u00e4vlingsledare<\/strong>\t\tMagnus Ljungberg<br \/>\n<strong>\u2022\tBanansvarig<\/strong>\t\tMartin Svensson<br \/>\n<strong>\u2022\tSjukv\u00e5rd<\/strong>\t\tJan Holst<br \/>\n<strong>\u2022\tSekreteriat<\/strong>\t\tAnders Nilsson<br \/>\n<strong>\u2022\tStarter<\/strong> \t\tLaszlo Varga<br \/>\n<strong>\u2022\tLyftansvarig<\/strong>\t\tBj\u00f6rn Berg<\/p>\n<h3>Innan och efter t\u00e4vlingsheat<\/h3>\n<p>\u2022\tKanotf\u00f6rvaring Malm\u00f6 Kanotklubb eller v\u00e4stra delen av hamnbass\u00e4ngen. Vakt kommer att finnas nattetid vid inre hamnen. F\u00f6rvaring p\u00e5 Malm\u00f6 Kanotklubb sker p\u00e5 egen risk.<br \/>\n\u2022\tBryggor. Se bild<br \/>\n\u2022\tUppv\u00e4rmning\/avpaddling kan ske i kanalen, dock utan att hindra p\u00e5g\u00e5ende t\u00e4vlingslopp.<br \/>\n\u2022\tIngen uppv\u00e4rmning\/avpaddling f\u00e5r ske i hamnbass\u00e4ngen.<\/p>\n<h3>Start<\/h3>\n<p>Anna Lindhs plats. Se bild<\/p>\n<h3>T\u00e4vlingsvarv<\/h3>\n<p>\u2022\tMedsols<br \/>\n\u2022\tF\u00f6r hinderfrihet mot kanalens sidor rekommenderas minst 2 m avst\u00e5nd.<br \/>\n\u2022\tV\u00e4ndningsbojar. Se bild.<br \/>\n\u2022\tFritidsfiskare kan, trots att de \u00e4r vidtalade, fiska med linor l\u00e4ngs kanalen.<\/p>\n<h3>Lyft<\/h3>\n<p>\u2022\tBryggor med trappor.<br \/>\n\u2022\tKravallstaket och avsp\u00e4rrningstape<\/p>\n<h2>Kartor Shorttrack<\/h2>\n<p><a href=\"https:\/\/malmokanot.se\/sm-veckan\/wp-content\/uploads\/2019\/06\/karta_short_bat.jpg\"><img loading=\"lazy\" decoding=\"async\" src=\"https:\/\/malmokanot.se\/sm-veckan\/wp-content\/uploads\/2019\/06\/karta_short_bat.jpg\" alt=\"\" width=\"2104\" height=\"1334\" class=\"alignnone size-full wp-image-586\" \/><\/a><\/p>\n<p>T\u00e4vlingarna h\u00e5lls vid posthusplatsen i Malm\u00f6 precis intill Malm\u00f6 Centralstation. Det kommer bland annat finnas l\u00e4ktare, kanotf\u00f6rvaring och Athlete-area d\u00e4r de t\u00e4vlande kan slappa och ladda inf\u00f6r lopp.<\/p>\n<p><a href=\"https:\/\/malmokanot.se\/sm-veckan\/wp-content\/uploads\/2019\/06\/karta_malomrade_short.jpg\"><img loading=\"lazy\" decoding=\"async\" src=\"https:\/\/malmokanot.se\/sm-veckan\/wp-content\/uploads\/2019\/06\/karta_malomrade_short.jpg\" alt=\"\" width=\"1575\" height=\"2126\" class=\"alignnone size-full wp-image-548\" srcset=\"https:\/\/malmokanot.se\/sm-veckan\/wp-content\/uploads\/2019\/06\/karta_malomrade_short.jpg 1575w, https:\/\/malmokanot.se\/sm-veckan\/wp-content\/uploads\/2019\/06\/karta_malomrade_short-222x300.jpg 222w, https:\/\/malmokanot.se\/sm-veckan\/wp-content\/uploads\/2019\/06\/karta_malomrade_short-768x1037.jpg 768w, https:\/\/malmokanot.se\/sm-veckan\/wp-content\/uploads\/2019\/06\/karta_malomrade_short-759x1024.jpg 759w\" sizes=\"auto, (max-width: 1575px) 100vw, 1575px\" \/><\/a><\/p>\n<p><a href=\"https:\/\/malmokanot.se\/sm-veckan\/wp-content\/uploads\/2019\/06\/karta_lyft.jpg\"><img loading=\"lazy\" decoding=\"async\" src=\"https:\/\/malmokanot.se\/sm-veckan\/wp-content\/uploads\/2019\/06\/karta_lyft.jpg\" alt=\"\" width=\"1575\" height=\"1732\" class=\"alignnone size-full wp-image-549\" srcset=\"https:\/\/malmokanot.se\/sm-veckan\/wp-content\/uploads\/2019\/06\/karta_lyft.jpg 1575w, https:\/\/malmokanot.se\/sm-veckan\/wp-content\/uploads\/2019\/06\/karta_lyft-273x300.jpg 273w, https:\/\/malmokanot.se\/sm-veckan\/wp-content\/uploads\/2019\/06\/karta_lyft-768x845.jpg 768w, https:\/\/malmokanot.se\/sm-veckan\/wp-content\/uploads\/2019\/06\/karta_lyft-931x1024.jpg 931w\" sizes=\"auto, (max-width: 1575px) 100vw, 1575px\" \/><\/a><\/p>\n<p><a href=\"https:\/\/malmokanot.se\/sm-veckan\/wp-content\/uploads\/2019\/06\/karta_mal.jpg\"><img loading=\"lazy\" decoding=\"async\" src=\"https:\/\/malmokanot.se\/sm-veckan\/wp-content\/uploads\/2019\/06\/karta_mal.jpg\" alt=\"\" width=\"1181\" height=\"945\" class=\"alignnone size-full wp-image-588\" srcset=\"https:\/\/malmokanot.se\/sm-veckan\/wp-content\/uploads\/2019\/06\/karta_mal.jpg 1181w, https:\/\/malmokanot.se\/sm-veckan\/wp-content\/uploads\/2019\/06\/karta_mal-300x240.jpg 300w, https:\/\/malmokanot.se\/sm-veckan\/wp-content\/uploads\/2019\/06\/karta_mal-768x615.jpg 768w, https:\/\/malmokanot.se\/sm-veckan\/wp-content\/uploads\/2019\/06\/karta_mal-1024x819.jpg 1024w, https:\/\/malmokanot.se\/sm-veckan\/wp-content\/uploads\/2019\/06\/karta_mal-375x300.jpg 375w\" sizes=\"auto, (max-width: 1181px) 100vw, 1181px\" \/><\/a><\/p>\n<p><strong>Pdf att ladda ner: <a href=\"https:\/\/malmokanot.se\/sm-veckan\/wp-content\/uploads\/2019\/06\/karta-malomrade-short.pdf\">Karta t\u00e4vlingsomr\u00e5de<\/a><\/strong><br \/>\n<strong>Pdf att ladda ner: <a href=\"https:\/\/malmokanot.se\/sm-veckan\/wp-content\/uploads\/2019\/06\/lyft-malomrade.pdf\">Lyft m\u00e5lomr\u00e5de<\/a><\/strong><\/p>\n","protected":false},"excerpt":{"rendered":"<p>Shortrack SM 2019 Organisation \u2022 \u00d6verledare Alexandra Nielsen \u2022 T\u00e4vlingsledare Magnus Ljungberg \u2022 Banansvarig Martin Svensson \u2022 Sjukv\u00e5rd Jan Holst \u2022 Sekreteriat Anders Nilsson \u2022 Starter Laszlo Varga \u2022 Lyftansvarig Bj\u00f6rn Berg Innan och efter t\u00e4vlingsheat \u2022 Kanotf\u00f6rvaring Malm\u00f6 Kanotklubb &hellip; <a href=\"https:\/\/malmokanot.se\/sm-veckan\/short-track\/tavlingskartor\/\">L\u00e4s mer <span class=\"meta-nav\">&rarr;<\/span><\/a><\/p>\n","protected":false},"author":2,"featured_media":0,"parent":290,"menu_order":33,"comment_status":"closed","ping_status":"closed","template":"","meta":{"footnotes":""},"class_list":["post-297","page","type-page","status-publish","hentry"],"_links":{"self":[{"href":"https:\/\/malmokanot.se\/sm-veckan\/wp-json\/wp\/v2\/pages\/297","targetHints":{"allow":["GET"]}}],"collection":[{"href":"https:\/\/malmokanot.se\/sm-veckan\/wp-json\/wp\/v2\/pages"}],"about":[{"href":"https:\/\/malmokanot.se\/sm-veckan\/wp-json\/wp\/v2\/types\/page"}],"author":[{"embeddable":true,"href":"https:\/\/malmokanot.se\/sm-veckan\/wp-json\/wp\/v2\/users\/2"}],"replies":[{"embeddable":true,"href":"https:\/\/malmokanot.se\/sm-veckan\/wp-json\/wp\/v2\/comments?post=297"}],"version-history":[{"count":19,"href":"https:\/\/malmokanot.se\/sm-veckan\/wp-json\/wp\/v2\/pages\/297\/revisions"}],"predecessor-version":[{"id":599,"href":"https:\/\/malmokanot.se\/sm-veckan\/wp-json\/wp\/v2\/pages\/297\/revisions\/599"}],"up":[{"embeddable":true,"href":"https:\/\/malmokanot.se\/sm-veckan\/wp-json\/wp\/v2\/pages\/290"}],"wp:attachment":[{"href":"https:\/\/malmokanot.se\/sm-veckan\/wp-json\/wp\/v2\/media?parent=297"}],"curies":[{"name":"wp","href":"https:\/\/api.w.org\/{rel}","templated":true}]}}