{"id":16,"date":"2019-03-09T09:23:18","date_gmt":"2019-03-09T09:23:18","guid":{"rendered":"https:\/\/malmokanot.se\/sm-veckan\/?page_id=16"},"modified":"2019-03-27T08:38:03","modified_gmt":"2019-03-27T08:38:03","slug":"kontakt","status":"publish","type":"page","link":"https:\/\/malmokanot.se\/sm-veckan\/kontakt\/","title":{"rendered":"Kontakt"},"content":{"rendered":"<p><img loading=\"lazy\" decoding=\"async\" src=\"https:\/\/malmokanot.se\/sm-veckan\/wp-content\/uploads\/2019\/03\/sm_08.jpg\" alt=\"\" width=\"605\" height=\"230\" class=\"alignnone size-full wp-image-247\" srcset=\"https:\/\/malmokanot.se\/sm-veckan\/wp-content\/uploads\/2019\/03\/sm_08.jpg 605w, https:\/\/malmokanot.se\/sm-veckan\/wp-content\/uploads\/2019\/03\/sm_08-300x114.jpg 300w, https:\/\/malmokanot.se\/sm-veckan\/wp-content\/uploads\/2019\/03\/sm_08-500x190.jpg 500w\" sizes=\"auto, (max-width: 605px) 100vw, 605px\" \/><\/p>\n<p><strong>Har du fr\u00e5gor om SM-Veckan eller vill vara med och hj\u00e4lpa till, kontakta:<\/strong><\/p>\n<p>Magnus Ljungberg: <strong>mange[at]paddelkraft.se<\/strong><br \/>\nCamilla Persson: <strong>camilla.persson3[at]gmail.com<\/strong><\/p>\n<p>S\u00f6ker du information eller kontakt med n\u00e5gon annan p\u00e5 Malm\u00f6 Kanotklubb \u00e4r det l\u00e4ttast att g\u00e5 via <strong><a href=\"https:\/\/malmokanot.se\">v\u00e5r officiella hemsida.<\/a><\/strong><\/p>\n<p>G\u00e4ller det den h\u00e4r hemsidan: ulf[at]johanssonform.com<\/p>\n","protected":false},"excerpt":{"rendered":"<p>Har du fr\u00e5gor om SM-Veckan eller vill vara med och hj\u00e4lpa till, kontakta: Magnus Ljungberg: mange[at]paddelkraft.se Camilla Persson: camilla.persson3[at]gmail.com S\u00f6ker du information eller kontakt med n\u00e5gon annan p\u00e5 Malm\u00f6 Kanotklubb \u00e4r det l\u00e4ttast att g\u00e5 via v\u00e5r officiella hemsida. G\u00e4ller &hellip; <a href=\"https:\/\/malmokanot.se\/sm-veckan\/kontakt\/\">L\u00e4s mer <span class=\"meta-nav\">&rarr;<\/span><\/a><\/p>\n","protected":false},"author":2,"featured_media":0,"parent":0,"menu_order":7,"comment_status":"closed","ping_status":"closed","template":"","meta":{"footnotes":""},"class_list":["post-16","page","type-page","status-publish","hentry"],"_links":{"self":[{"href":"https:\/\/malmokanot.se\/sm-veckan\/wp-json\/wp\/v2\/pages\/16","targetHints":{"allow":["GET"]}}],"collection":[{"href":"https:\/\/malmokanot.se\/sm-veckan\/wp-json\/wp\/v2\/pages"}],"about":[{"href":"https:\/\/malmokanot.se\/sm-veckan\/wp-json\/wp\/v2\/types\/page"}],"author":[{"embeddable":true,"href":"https:\/\/malmokanot.se\/sm-veckan\/wp-json\/wp\/v2\/users\/2"}],"replies":[{"embeddable":true,"href":"https:\/\/malmokanot.se\/sm-veckan\/wp-json\/wp\/v2\/comments?post=16"}],"version-history":[{"count":15,"href":"https:\/\/malmokanot.se\/sm-veckan\/wp-json\/wp\/v2\/pages\/16\/revisions"}],"predecessor-version":[{"id":248,"href":"https:\/\/malmokanot.se\/sm-veckan\/wp-json\/wp\/v2\/pages\/16\/revisions\/248"}],"wp:attachment":[{"href":"https:\/\/malmokanot.se\/sm-veckan\/wp-json\/wp\/v2\/media?parent=16"}],"curies":[{"name":"wp","href":"https:\/\/api.w.org\/{rel}","templated":true}]}}